{"id":42,"date":"2020-03-25T10:06:37","date_gmt":"2020-03-25T09:06:37","guid":{"rendered":"http:\/\/www.atelier-ersilie.fr\/WP\/?page_id=42"},"modified":"2025-12-10T18:30:46","modified_gmt":"2025-12-10T17:30:46","slug":"a-propos-de","status":"publish","type":"page","link":"https:\/\/www.atelier-ersilie.fr\/WP\/a-propos-de\/","title":{"rendered":"L&rsquo;Atelier &#8211; SCOP Paysage et Urbanisme"},"content":{"rendered":"\n<ul class=\"wp-block-list\">\n<li>L\u2019Atelier Ersilie est compos\u00e9 de\u00a04 associ\u00e9s salari\u00e9s : <strong>C\u00e9dric ANTIER paysagiste<\/strong>\u00a0<strong>concepteur\u00a0<\/strong>inscrit sur la liste minist\u00e9rielle ;<strong>Tony LEPORCHER architecte urbaniste<\/strong>, ayant de solides r\u00e9f\u00e9rences d&rsquo;am\u00e9nagements et de strat\u00e9gies d&rsquo;\u00e9volutions\u00a0paysag\u00e8res et\u00a0urbaines; en 2021, l\u2019\u00e9quipe a \u00e9t\u00e9 compl\u00e9t\u00e9e par\u00a0<strong>Emma V\u00c9SIEZ architecte<\/strong>\u00a0et\u00a0<strong>Marie GUILPAIN docteure en am\u00e9nagement de l&rsquo;espace, g\u00e9ographe urbaniste<\/strong>.<\/li>\n<\/ul>\n\n\n<div class=\"wp-block-image\">\n<figure class=\"aligncenter size-large is-resized\"><img loading=\"lazy\" decoding=\"async\" width=\"2000\" height=\"1500\" src=\"https:\/\/www.atelier-ersilie.fr\/WP\/wp-content\/uploads\/2025\/11\/Atelier-copie-2000x1500.jpeg\" alt=\"\" class=\"wp-image-312\" style=\"width:767px;height:auto\" srcset=\"https:\/\/www.atelier-ersilie.fr\/WP\/wp-content\/uploads\/2025\/11\/Atelier-copie-2000x1500.jpeg 2000w, https:\/\/www.atelier-ersilie.fr\/WP\/wp-content\/uploads\/2025\/11\/Atelier-copie-300x225.jpeg 300w, https:\/\/www.atelier-ersilie.fr\/WP\/wp-content\/uploads\/2025\/11\/Atelier-copie-768x576.jpeg 768w\" sizes=\"auto, (max-width: 2000px) 100vw, 2000px\" \/><\/figure>\n<\/div>\n\n\n<ul class=\"wp-block-list\">\n<li>La particularit\u00e9 de notre approche est d\u2019ancrer le projet dans les diff\u00e9rentes \u00e9chelles de territoire (la commune ou le grand paysage, le bourg, le quartier, le site). Nous \u00e9laborons notamment des documents de strat\u00e9gie d\u2019am\u00e9nagement durable (plans de d\u00e9veloppement communal, projets globaux de r\u00e9habilitation de bourg, contrats d\u2019objectifs\u2026) qui permettent aux \u00e9lus de d\u00e9finir l\u2019identit\u00e9 de leur bourg ou de leur ville et de hi\u00e9rarchiser avec coh\u00e9rence les am\u00e9nagements dans le temps.Notre vision transversale permet d\u2019aborder une multiplicit\u00e9 de th\u00e8mes (centres-bourgs, nouveaux quartiers, parcs et jardins, zones d\u2019activit\u00e9s, grand paysage, espaces naturels et de loisirs, documents d\u2019urbanisme) et de niveaux de prestations (conseil et sensibilisation, analyse, esquisse, avant-projet, projet, suivi de chantier\u2026).<\/li>\n<\/ul>\n\n\n\n<ul class=\"wp-block-list\">\n<li>Nous souhaitons r\u00e9pondre aux attentes des ma\u00eetres d\u2019ouvrage en mati\u00e8re d\u2019urbanisme et d\u2019am\u00e9nagement de qualit\u00e9 o\u00f9 le paysage prend tout son sens.Nous pensons que les espaces ext\u00e9rieurs, lieux d\u2019\u00e9changes, de passages, d\u2019attentes, de promenades\u2026, de vie, en somme, doivent \u00eatre con\u00e7us, avec r\u00e9flexion et ing\u00e9niosit\u00e9 en fonction de leurs sp\u00e9cificit\u00e9s.<\/li>\n<\/ul>\n\n\n\n<ul class=\"wp-block-list\">\n<li>Le m\u00e9tier de concepteur-paysagiste exige une vari\u00e9t\u00e9 de comp\u00e9tences et de regards Un regard analytique : analyse des attentes et des besoins des \u00e9lus et des habitants, lecture et appr\u00e9hension de l\u2019espace et des usages, \u00e9tude des territoires urbains et ruraux.Un regard technique et esth\u00e9tique : organisation de l\u2019espace, choix des mat\u00e9riaux et des v\u00e9g\u00e9taux, repr\u00e9sentation graphique.Enfin, un regard synth\u00e9tique, permettant de composer avec les diff\u00e9rentes \u00e9chelles et contraintes, ainsi qu\u2019avec les multiples savoir-faire des \u00e9quipes de ma\u00eetrise d\u2019\u0153uvre, afin de concevoir, communiquer et suivre le projet jusqu\u2019\u00e0 son aboutissement. Le concepteur-paysagiste est, selon nous, un \u00e9l\u00e9ment essentiel pour toute intervention sur l\u2019espace ext\u00e9rieur.<\/li>\n<\/ul>\n\n\n\n<p><br>Notre atelier tire son nom d\u2019une ville imaginaire extraite du livre d\u2019Italo CALVINO, Les villes invisibles, dans laquelle les rapports de la vie de la cit\u00e9 sont mat\u00e9rialis\u00e9s par des fils, blancs, noirs ou gris, en fonction du lien tiss\u00e9 (lien de parent\u00e9, d\u2019\u00e9change, d\u2019autorit\u00e9\u2026).<\/p>\n\n\n\n<p><\/p>\n","protected":false},"excerpt":{"rendered":"<p>Notre atelier tire son nom d\u2019une ville imaginaire extraite du livre d\u2019Italo CALVINO, Les villes invisibles, dans laquelle les rapports de la vie de la cit\u00e9 sont mat\u00e9rialis\u00e9s par des fils, blancs, noirs ou gris, en fonction du lien tiss\u00e9 (lien de parent\u00e9, d\u2019\u00e9change, d\u2019autorit\u00e9\u2026).<\/p>\n","protected":false},"author":1,"featured_media":0,"parent":0,"menu_order":0,"comment_status":"closed","ping_status":"closed","template":"","meta":{"footnotes":""},"class_list":["post-42","page","type-page","status-publish","hentry"],"_links":{"self":[{"href":"https:\/\/www.atelier-ersilie.fr\/WP\/wp-json\/wp\/v2\/pages\/42","targetHints":{"allow":["GET"]}}],"collection":[{"href":"https:\/\/www.atelier-ersilie.fr\/WP\/wp-json\/wp\/v2\/pages"}],"about":[{"href":"https:\/\/www.atelier-ersilie.fr\/WP\/wp-json\/wp\/v2\/types\/page"}],"author":[{"embeddable":true,"href":"https:\/\/www.atelier-ersilie.fr\/WP\/wp-json\/wp\/v2\/users\/1"}],"replies":[{"embeddable":true,"href":"https:\/\/www.atelier-ersilie.fr\/WP\/wp-json\/wp\/v2\/comments?post=42"}],"version-history":[{"count":15,"href":"https:\/\/www.atelier-ersilie.fr\/WP\/wp-json\/wp\/v2\/pages\/42\/revisions"}],"predecessor-version":[{"id":327,"href":"https:\/\/www.atelier-ersilie.fr\/WP\/wp-json\/wp\/v2\/pages\/42\/revisions\/327"}],"wp:attachment":[{"href":"https:\/\/www.atelier-ersilie.fr\/WP\/wp-json\/wp\/v2\/media?parent=42"}],"curies":[{"name":"wp","href":"https:\/\/api.w.org\/{rel}","templated":true}]}}